{"id":4580,"date":"2020-05-14T08:26:15","date_gmt":"2020-05-14T08:26:15","guid":{"rendered":"https:\/\/4rosesvillas.gr\/toate-stilurile-widget-urilor\/"},"modified":"2020-05-14T08:26:15","modified_gmt":"2020-05-14T08:26:15","slug":"toate-stilurile-widget-urilor","status":"publish","type":"page","link":"https:\/\/4rosesvillas.gr\/ro\/toate-stilurile-widget-urilor\/","title":{"rendered":"Toate stilurile widget-urilor"},"content":{"rendered":"<p>Pentru a ob\u021bine unul dintre stilurile pentru un widget (a se vedea mai jos), utiliza\u021bi clasele simple. Introduce\u021bi numele clasei selectate \u00een c\u00e2mpul &#8220;Custom widget classes&#8221; (Clase de widgeturi personalizate), dup\u0103 cum se arat\u0103 mai jos.<\/p>\n<p><img loading=\"lazy\" decoding=\"async\" class=\"wp-image-2781 size-full aligncenter\" src=\"https:\/\/4rosesvillas.gr\/wp-content\/uploads\/2020\/05\/2020-03-30_09h02_29.png\" alt=\"clasa widget\" width=\"442\" height=\"892\" srcset=\"https:\/\/4rosesvillas.gr\/wp-content\/uploads\/2020\/05\/2020-03-30_09h02_29.png 442w, https:\/\/4rosesvillas.gr\/wp-content\/uploads\/2020\/05\/2020-03-30_09h02_29-149x300.png 149w\" sizes=\"auto, (max-width: 442px) 100vw, 442px\" \/><\/p>\n","protected":false},"excerpt":{"rendered":"<p>Pentru a ob\u021bine unul dintre stilurile pentru un widget (a se vedea mai jos), utiliza\u021bi clasele simple. Introduce\u021bi numele clasei selectate \u00een c\u00e2mpul &#8220;Custom widget classes&#8221; (Clase de widgeturi personalizate), dup\u0103 cum se arat\u0103 mai jos.<\/p>\n","protected":false},"author":1,"featured_media":0,"parent":0,"menu_order":0,"comment_status":"closed","ping_status":"closed","template":"page-templates\/page-left-content-right.php","meta":{"footnotes":""},"class_list":["post-4580","page","type-page","status-publish","hentry","clearfix"],"aioseo_notices":[],"_links":{"self":[{"href":"https:\/\/4rosesvillas.gr\/ro\/wp-json\/wp\/v2\/pages\/4580","targetHints":{"allow":["GET"]}}],"collection":[{"href":"https:\/\/4rosesvillas.gr\/ro\/wp-json\/wp\/v2\/pages"}],"about":[{"href":"https:\/\/4rosesvillas.gr\/ro\/wp-json\/wp\/v2\/types\/page"}],"author":[{"embeddable":true,"href":"https:\/\/4rosesvillas.gr\/ro\/wp-json\/wp\/v2\/users\/1"}],"replies":[{"embeddable":true,"href":"https:\/\/4rosesvillas.gr\/ro\/wp-json\/wp\/v2\/comments?post=4580"}],"version-history":[{"count":0,"href":"https:\/\/4rosesvillas.gr\/ro\/wp-json\/wp\/v2\/pages\/4580\/revisions"}],"wp:attachment":[{"href":"https:\/\/4rosesvillas.gr\/ro\/wp-json\/wp\/v2\/media?parent=4580"}],"curies":[{"name":"wp","href":"https:\/\/api.w.org\/{rel}","templated":true}]}}